{"id":1656,"date":"2021-06-28T16:04:33","date_gmt":"2021-06-28T16:04:33","guid":{"rendered":"https:\/\/acueductoasojuaica.com\/web\/?page_id=1656"},"modified":"2021-06-28T16:06:25","modified_gmt":"2021-06-28T16:06:25","slug":"estatutos","status":"publish","type":"page","link":"https:\/\/acueductoasojuaica.com\/index.php\/estatutos\/","title":{"rendered":"estatutos"},"content":{"rendered":"\t\t<div data-elementor-type=\"wp-page\" data-elementor-id=\"1656\" class=\"elementor elementor-1656\" data-elementor-settings=\"[]\">\n\t\t\t\t\t\t\t<div class=\"elementor-section-wrap\">\n\t\t\t\t\t\t\t<section class=\"elementor-section elementor-top-section elementor-element elementor-element-8daedff elementor-section-boxed elementor-section-height-default elementor-section-height-default\" data-id=\"8daedff\" data-element_type=\"section\">\n\t\t\t\t\t\t<div class=\"elementor-container elementor-column-gap-default\">\n\t\t\t\t\t<div class=\"elementor-column elementor-col-100 elementor-top-column elementor-element elementor-element-c56e1c6 ot-flex-column-vertical\" data-id=\"c56e1c6\" data-element_type=\"column\">\n\t\t\t<div class=\"elementor-widget-wrap elementor-element-populated\">\n\t\t\t\t\t\t\t\t<div class=\"elementor-element elementor-element-3b0166e elementor-widget elementor-widget-iheading\" data-id=\"3b0166e\" data-element_type=\"widget\" data-widget_type=\"iheading.default\">\n\t\t\t\t<div class=\"elementor-widget-container\">\n\t\t\t\t\t<div class=\"ot-heading\">\r\n\t        <span class=\"is_highlight\">Asojuaica<\/span>\t        <h1 class=\"main-head\">Normatividad Prestaci\u00f3n del servicio<\/h1>\t    <\/div>\r\n\t    \t\t<\/div>\n\t\t\t\t<\/div>\n\t\t\t\t<div class=\"elementor-element elementor-element-c8d8bf4 elementor-widget elementor-widget-text-editor\" data-id=\"c8d8bf4\" data-element_type=\"widget\" data-widget_type=\"text-editor.default\">\n\t\t\t\t<div class=\"elementor-widget-container\">\n\t\t\t\t\t\t\t\t<p style=\"text-align: center;\">Pr\u00f3ximamente asamblea extraordinaria para la aprobaci\u00f3n de la modificaci\u00f3n de algunos art\u00edculos de los estatutos<\/p>\t\t\t\t\t\t<\/div>\n\t\t\t\t<\/div>\n\t\t\t\t\t<\/div>\n\t\t<\/div>\n\t\t\t\t\t\t\t<\/div>\n\t\t<\/section>\n\t\t\t\t<section class=\"elementor-section elementor-top-section elementor-element elementor-element-af5bbfa elementor-section-boxed elementor-section-height-default elementor-section-height-default\" data-id=\"af5bbfa\" data-element_type=\"section\" data-settings=\"{&quot;background_background&quot;:&quot;classic&quot;}\">\n\t\t\t\t\t\t<div class=\"elementor-container elementor-column-gap-default\">\n\t\t\t\t\t<div class=\"elementor-column elementor-col-100 elementor-top-column elementor-element elementor-element-029fe24 ot-flex-column-vertical\" data-id=\"029fe24\" data-element_type=\"column\">\n\t\t\t<div class=\"elementor-widget-wrap elementor-element-populated\">\n\t\t\t\t\t\t\t\t<section class=\"elementor-section elementor-inner-section elementor-element elementor-element-65bf161 elementor-section-boxed elementor-section-height-default elementor-section-height-default\" data-id=\"65bf161\" data-element_type=\"section\">\n\t\t\t\t\t\t<div class=\"elementor-container elementor-column-gap-default\">\n\t\t\t\t\t<div class=\"elementor-column elementor-col-33 elementor-inner-column elementor-element elementor-element-753ce3e ot-flex-column-vertical\" data-id=\"753ce3e\" data-element_type=\"column\">\n\t\t\t<div class=\"elementor-widget-wrap\">\n\t\t\t\t\t\t\t\t\t<\/div>\n\t\t<\/div>\n\t\t\t\t<div class=\"elementor-column elementor-col-33 elementor-inner-column elementor-element elementor-element-8bd75d3 ot-flex-column-vertical\" data-id=\"8bd75d3\" data-element_type=\"column\">\n\t\t\t<div class=\"elementor-widget-wrap elementor-element-populated\">\n\t\t\t\t\t\t\t\t<div class=\"elementor-element elementor-element-015e909 elementor-view-framed elementor-shape-circle elementor-widget elementor-widget-icon\" data-id=\"015e909\" data-element_type=\"widget\" data-widget_type=\"icon.default\">\n\t\t\t\t<div class=\"elementor-widget-container\">\n\t\t\t\t\t<div class=\"elementor-icon-wrapper\">\n\t\t\t<div class=\"elementor-icon\">\n\t\t\t<i aria-hidden=\"true\" class=\"far fa-file\"><\/i>\t\t\t<\/div>\n\t\t<\/div>\n\t\t\t\t<\/div>\n\t\t\t\t<\/div>\n\t\t\t\t<div class=\"elementor-element elementor-element-2c8c88b elementor-widget elementor-widget-heading\" data-id=\"2c8c88b\" data-element_type=\"widget\" data-widget_type=\"heading.default\">\n\t\t\t\t<div class=\"elementor-widget-container\">\n\t\t\t<span class=\"elementor-heading-title elementor-size-default\">Estatutos<\/span>\t\t<\/div>\n\t\t\t\t<\/div>\n\t\t\t\t<div class=\"elementor-element elementor-element-e217e79 elementor-align-center elementor-widget elementor-widget-button\" data-id=\"e217e79\" data-element_type=\"widget\" data-widget_type=\"button.default\">\n\t\t\t\t<div class=\"elementor-widget-container\">\n\t\t\t\t\t<div class=\"elementor-button-wrapper\">\n\t\t\t<a href=\"https:\/\/acueductoasojuaica.com\/pdf\/11.pdf\" class=\"elementor-button-link elementor-button elementor-size-sm\" role=\"button\">\n\t\t\t\t\t\t<span class=\"elementor-button-content-wrapper\">\n\t\t\t\t\t\t<span class=\"elementor-button-text\">Descargar<\/span>\n\t\t<\/span>\n\t\t\t\t\t<\/a>\n\t\t<\/div>\n\t\t\t\t<\/div>\n\t\t\t\t<\/div>\n\t\t\t\t\t<\/div>\n\t\t<\/div>\n\t\t\t\t<div class=\"elementor-column elementor-col-33 elementor-inner-column elementor-element elementor-element-f762b07 ot-flex-column-vertical\" data-id=\"f762b07\" data-element_type=\"column\">\n\t\t\t<div class=\"elementor-widget-wrap\">\n\t\t\t\t\t\t\t\t\t<\/div>\n\t\t<\/div>\n\t\t\t\t\t\t\t<\/div>\n\t\t<\/section>\n\t\t\t\t\t<\/div>\n\t\t<\/div>\n\t\t\t\t\t\t\t<\/div>\n\t\t<\/section>\n\t\t\t\t<section class=\"elementor-section elementor-top-section elementor-element elementor-element-a980781 elementor-section-boxed elementor-section-height-default elementor-section-height-default\" data-id=\"a980781\" data-element_type=\"section\">\n\t\t\t\t\t\t<div class=\"elementor-container elementor-column-gap-default\">\n\t\t\t\t\t<div class=\"elementor-column elementor-col-100 elementor-top-column elementor-element elementor-element-d229650 ot-flex-column-vertical\" data-id=\"d229650\" data-element_type=\"column\">\n\t\t\t<div class=\"elementor-widget-wrap elementor-element-populated\">\n\t\t\t\t\t\t\t\t<section class=\"elementor-section elementor-inner-section elementor-element elementor-element-3574429 elementor-section-full_width elementor-section-height-default elementor-section-height-default\" data-id=\"3574429\" data-element_type=\"section\">\n\t\t\t\t\t\t<div class=\"elementor-container elementor-column-gap-default\">\n\t\t\t\t\t<div class=\"elementor-column elementor-col-33 elementor-inner-column elementor-element elementor-element-e882581 ot-flex-column-vertical\" data-id=\"e882581\" data-element_type=\"column\">\n\t\t\t<div class=\"elementor-widget-wrap\">\n\t\t\t\t\t\t\t\t\t<\/div>\n\t\t<\/div>\n\t\t\t\t<div class=\"elementor-column elementor-col-33 elementor-inner-column elementor-element elementor-element-3f99c1c ot-flex-column-vertical\" data-id=\"3f99c1c\" data-element_type=\"column\">\n\t\t\t<div class=\"elementor-widget-wrap elementor-element-populated\">\n\t\t\t\t\t\t\t\t<div class=\"elementor-element elementor-element-1cdda59 elementor-widget elementor-widget-iheading\" data-id=\"1cdda59\" data-element_type=\"widget\" data-widget_type=\"iheading.default\">\n\t\t\t\t<div class=\"elementor-widget-container\">\n\t\t\t\t\t<div class=\"ot-heading\">\r\n\t        <span class=\"is_highlight\">ASOJUAICA<\/span>\t        <h3 class=\"main-head\">Noticias<\/h3>\t    <\/div>\r\n\t    \t\t<\/div>\n\t\t\t\t<\/div>\n\t\t\t\t\t<\/div>\n\t\t<\/div>\n\t\t\t\t<div class=\"elementor-column elementor-col-33 elementor-inner-column elementor-element elementor-element-6e409e9 ot-flex-column-vertical\" data-id=\"6e409e9\" data-element_type=\"column\">\n\t\t\t<div class=\"elementor-widget-wrap\">\n\t\t\t\t\t\t\t\t\t<\/div>\n\t\t<\/div>\n\t\t\t\t\t\t\t<\/div>\n\t\t<\/section>\n\t\t\t\t<div class=\"elementor-element elementor-element-f4ab7b0 elementor-widget elementor-widget-ipostcarousel\" data-id=\"f4ab7b0\" data-element_type=\"widget\" data-widget_type=\"ipostcarousel.default\">\n\t\t\t\t<div class=\"elementor-widget-container\">\n\t\t\t\r\n\t\t<div class=\"post-slider\" data-loop=\"false\" data-auto=\"false\" data-time=\"\" data-arrows=\"false\" data-dots=\"false\" data-show=\"\" data-tshow=\"\" data-mshow=\"\" data-gaps=\"\" data-tgaps=\"\" data-mgaps=\"\">\r\n\t\t\t<div class=\"owl-carousel owl-theme\">\r\n\t         \r\n\t\t\t\t\r\n\t\t\t\t\t<article id=\"post-2024\" class=\"post-box post-2024 post type-post status-publish format-standard has-post-thumbnail hentry category-noticias\">\r\n\t\t\t\t\t\t<div class=\"post-inner\">\r\n\r\n\t\t\t\t\t\t\t\t\t\t\t\t\t\t\t<div class=\"entry-media\">\r\n\t\t\t\t\t\t\t\t\t<div class=\"post-cat\"><div class=\"posted-in\"><a href=\"https:\/\/acueductoasojuaica.com\/index.php\/category\/noticias\/\" rel=\"category tag\">Noticias<\/a><\/div><\/div>\t\t\t\t\t\t\t\t\t<a href=\"https:\/\/acueductoasojuaica.com\/index.php\/2026\/04\/07\/asamblea-general-2026\/\">\r\n\t\t\t\t\t\t\t\t\t\t<img loading=\"lazy\" decoding=\"async\" width=\"600\" height=\"400\" src=\"https:\/\/acueductoasojuaica.com\/wp-content\/uploads\/2026\/04\/WhatsApp-Image-2026-04-07-at-9.12.44-AM-1-600x400.jpeg\" class=\"attachment-maxbizz-post-thumbnail-grid size-maxbizz-post-thumbnail-grid wp-post-image\" alt=\"\" \/>\t\t\t\t\t\t\t\t\t<\/a>\r\n\t\t\t\t\t\t\t\t<\/div>\r\n\t\t\t\t\t\t\t\r\n\t\t\t\t\t\t\t<div class=\"inner-post\">\r\n\t\t\t\t\t\t\t\t\t\t\t\t\t\t\t\t<div class=\"entry-header\">\r\n\r\n\t\t\t\t\t\t\t\t\t<h5 class=\"entry-title\"><a class=\"title-link\" href=\"https:\/\/acueductoasojuaica.com\/index.php\/2026\/04\/07\/asamblea-general-2026\/\" rel=\"bookmark\">ASAMBLEA GENERAL 2026<\/a><\/h5>\r\n\t\t\t\t\t\t\t\t<\/div>\r\n\r\n\t\t\t\t\t\t\t\t\t\t\t\t\t\t\t<\/div>\r\n\t\t\t\t\t\t\t<div class=\"entry-meta\">\r\n\t\t\t\t\t\t\t\t\t\t\t\t\t\t\t\t<a href=\"https:\/\/acueductoasojuaica.com\/index.php\/2026\/04\/07\/asamblea-general-2026\/\" class=\"btn-details\"><i class=\"ot-flaticon-trajectory\"><\/i><\/a>\r\n\t\t\t\t\t\t\t<\/div>\r\n\r\n\t\t\t\t\t\t<\/div>\r\n\t\t\t\t\t<\/article>\r\n\r\n\t\t         \r\n\t\t\t\t\r\n\t\t\t\t\t<article id=\"post-2018\" class=\"post-box post-2018 post type-post status-publish format-standard has-post-thumbnail hentry category-noticias\">\r\n\t\t\t\t\t\t<div class=\"post-inner\">\r\n\r\n\t\t\t\t\t\t\t\t\t\t\t\t\t\t\t<div class=\"entry-media\">\r\n\t\t\t\t\t\t\t\t\t<div class=\"post-cat\"><div class=\"posted-in\"><a href=\"https:\/\/acueductoasojuaica.com\/index.php\/category\/noticias\/\" rel=\"category tag\">Noticias<\/a><\/div><\/div>\t\t\t\t\t\t\t\t\t<a href=\"https:\/\/acueductoasojuaica.com\/index.php\/2026\/04\/07\/actualizacion-tarifas-de-acueducto-asojuaica-2026\/\">\r\n\t\t\t\t\t\t\t\t\t\t<img loading=\"lazy\" decoding=\"async\" width=\"600\" height=\"400\" src=\"https:\/\/acueductoasojuaica.com\/wp-content\/uploads\/2024\/09\/tarifas_post-600x400.jpg\" class=\"attachment-maxbizz-post-thumbnail-grid size-maxbizz-post-thumbnail-grid wp-post-image\" alt=\"\" \/>\t\t\t\t\t\t\t\t\t<\/a>\r\n\t\t\t\t\t\t\t\t<\/div>\r\n\t\t\t\t\t\t\t\r\n\t\t\t\t\t\t\t<div class=\"inner-post\">\r\n\t\t\t\t\t\t\t\t\t\t\t\t\t\t\t\t<div class=\"entry-header\">\r\n\r\n\t\t\t\t\t\t\t\t\t<h5 class=\"entry-title\"><a class=\"title-link\" href=\"https:\/\/acueductoasojuaica.com\/index.php\/2026\/04\/07\/actualizacion-tarifas-de-acueducto-asojuaica-2026\/\" rel=\"bookmark\">ACTUALIZACION TARIFAS DE ACUEDUCTO ASOJUAICA 2026<\/a><\/h5>\r\n\t\t\t\t\t\t\t\t<\/div>\r\n\r\n\t\t\t\t\t\t\t\t\t\t\t\t\t\t\t<\/div>\r\n\t\t\t\t\t\t\t<div class=\"entry-meta\">\r\n\t\t\t\t\t\t\t\t\t\t\t\t\t\t\t\t<a href=\"https:\/\/acueductoasojuaica.com\/index.php\/2026\/04\/07\/actualizacion-tarifas-de-acueducto-asojuaica-2026\/\" class=\"btn-details\"><i class=\"ot-flaticon-trajectory\"><\/i><\/a>\r\n\t\t\t\t\t\t\t<\/div>\r\n\r\n\t\t\t\t\t\t<\/div>\r\n\t\t\t\t\t<\/article>\r\n\r\n\t\t         \r\n\t\t\t\t\r\n\t\t\t\t\t<article id=\"post-1602\" class=\"post-box post-1602 post type-post status-publish format-standard has-post-thumbnail hentry category-noticias\">\r\n\t\t\t\t\t\t<div class=\"post-inner\">\r\n\r\n\t\t\t\t\t\t\t\t\t\t\t\t\t\t\t<div class=\"entry-media\">\r\n\t\t\t\t\t\t\t\t\t<div class=\"post-cat\"><div class=\"posted-in\"><a href=\"https:\/\/acueductoasojuaica.com\/index.php\/category\/noticias\/\" rel=\"category tag\">Noticias<\/a><\/div><\/div>\t\t\t\t\t\t\t\t\t<a href=\"https:\/\/acueductoasojuaica.com\/index.php\/2024\/09\/19\/boletin-informativo\/\">\r\n\t\t\t\t\t\t\t\t\t\t<img loading=\"lazy\" decoding=\"async\" width=\"600\" height=\"400\" src=\"https:\/\/acueductoasojuaica.com\/wp-content\/uploads\/2021\/06\/laptop-3196481_640-600x400.jpg\" class=\"attachment-maxbizz-post-thumbnail-grid size-maxbizz-post-thumbnail-grid wp-post-image\" alt=\"\" srcset=\"https:\/\/acueductoasojuaica.com\/wp-content\/uploads\/2021\/06\/laptop-3196481_640-600x400.jpg 600w, https:\/\/acueductoasojuaica.com\/wp-content\/uploads\/2021\/06\/laptop-3196481_640-300x200.jpg 300w, https:\/\/acueductoasojuaica.com\/wp-content\/uploads\/2021\/06\/laptop-3196481_640.jpg 640w\" sizes=\"auto, (max-width: 600px) 100vw, 600px\" \/>\t\t\t\t\t\t\t\t\t<\/a>\r\n\t\t\t\t\t\t\t\t<\/div>\r\n\t\t\t\t\t\t\t\r\n\t\t\t\t\t\t\t<div class=\"inner-post\">\r\n\t\t\t\t\t\t\t\t\t\t\t\t\t\t\t\t<div class=\"entry-header\">\r\n\r\n\t\t\t\t\t\t\t\t\t<h5 class=\"entry-title\"><a class=\"title-link\" href=\"https:\/\/acueductoasojuaica.com\/index.php\/2024\/09\/19\/boletin-informativo\/\" rel=\"bookmark\">Bolet\u00edn informativo<\/a><\/h5>\r\n\t\t\t\t\t\t\t\t<\/div>\r\n\r\n\t\t\t\t\t\t\t\t\t\t\t\t\t\t\t<\/div>\r\n\t\t\t\t\t\t\t<div class=\"entry-meta\">\r\n\t\t\t\t\t\t\t\t\t\t\t\t\t\t\t\t<a href=\"https:\/\/acueductoasojuaica.com\/index.php\/2024\/09\/19\/boletin-informativo\/\" class=\"btn-details\"><i class=\"ot-flaticon-trajectory\"><\/i><\/a>\r\n\t\t\t\t\t\t\t<\/div>\r\n\r\n\t\t\t\t\t\t<\/div>\r\n\t\t\t\t\t<\/article>\r\n\r\n\t\t        \t\t    <\/div>\r\n\t    <\/div>\r\n\t\t\t\t<\/div>\n\t\t\t\t<\/div>\n\t\t\t\t\t<\/div>\n\t\t<\/div>\n\t\t\t\t\t\t\t<\/div>\n\t\t<\/section>\n\t\t\t\t\t\t<\/div>\n\t\t\t\t\t<\/div>\n\t\t","protected":false},"excerpt":{"rendered":"<p>Asojuaica Normatividad Prestaci\u00f3n del servicio Pr\u00f3ximamente asamblea extraordinaria para la aprobaci\u00f3n de la modificaci\u00f3n de algunos art\u00edculos de los estatutos Estatutos Descargar ASOJUAICA Noticias Noticias Publicaci\u00f3n actualizaci\u00f3n de tarifas 28 de junio de 2021 \/ info \/ 0 Comments Noticias Horario de servicios 28 de junio de 2021 \/ info \/ 0 Comments Noticias Atenci\u00f3n [&hellip;]<\/p>\n","protected":false},"author":1,"featured_media":0,"parent":0,"menu_order":0,"comment_status":"closed","ping_status":"closed","template":"","meta":{"om_disable_all_campaigns":false,"_monsterinsights_skip_tracking":false,"_monsterinsights_sitenote_active":false,"_monsterinsights_sitenote_note":"","_monsterinsights_sitenote_category":0,"footnotes":""},"class_list":["post-1656","page","type-page","status-publish","hentry"],"_links":{"self":[{"href":"https:\/\/acueductoasojuaica.com\/index.php\/wp-json\/wp\/v2\/pages\/1656","targetHints":{"allow":["GET"]}}],"collection":[{"href":"https:\/\/acueductoasojuaica.com\/index.php\/wp-json\/wp\/v2\/pages"}],"about":[{"href":"https:\/\/acueductoasojuaica.com\/index.php\/wp-json\/wp\/v2\/types\/page"}],"author":[{"embeddable":true,"href":"https:\/\/acueductoasojuaica.com\/index.php\/wp-json\/wp\/v2\/users\/1"}],"replies":[{"embeddable":true,"href":"https:\/\/acueductoasojuaica.com\/index.php\/wp-json\/wp\/v2\/comments?post=1656"}],"version-history":[{"count":4,"href":"https:\/\/acueductoasojuaica.com\/index.php\/wp-json\/wp\/v2\/pages\/1656\/revisions"}],"predecessor-version":[{"id":1660,"href":"https:\/\/acueductoasojuaica.com\/index.php\/wp-json\/wp\/v2\/pages\/1656\/revisions\/1660"}],"wp:attachment":[{"href":"https:\/\/acueductoasojuaica.com\/index.php\/wp-json\/wp\/v2\/media?parent=1656"}],"curies":[{"name":"wp","href":"https:\/\/api.w.org\/{rel}","templated":true}]}}